{"id":1821,"date":"2023-08-28T09:58:07","date_gmt":"2023-08-28T09:58:07","guid":{"rendered":"https:\/\/educoast.ipma.pt\/?page_id=1821"},"modified":"2023-10-03T09:10:17","modified_gmt":"2023-10-03T09:10:17","slug":"a-nossa-oferta-pedagogica","status":"publish","type":"page","link":"https:\/\/educoast.ipma.pt\/en\/a-nossa-oferta-pedagogica\/","title":{"rendered":"Oferta Pedag\u00f3gica"},"content":{"rendered":"\n<p><\/p>\n\n\n\n<p class=\"has-text-align-center\">Pretendemos proporcionar aos alunos uma experi\u00eancia pr\u00f3xima do ambiente marinho e costeiro na regi\u00e3o da Ria Formosa, promovendo a compreens\u00e3o e sensibiliza\u00e7\u00e3o sobre a import\u00e2ncia deste tipo de ambientes. Assim sendo, a nossa oferta pedag\u00f3gica engloba diversas atividades, sendo que cada uma delas pode ser adaptada de acordo com a faixa et\u00e1ria do p\u00fablico e de acordo com os objetivos pretendidos pelo professor.<\/p>\n\n\n\n<div style=\"height:1px\" aria-hidden=\"true\" class=\"wp-block-spacer\"><\/div>\n\n\n\n<p class=\"has-text-align-center has-white-color has-text-color has-background\" style=\"background-color:#067f7f\">Atividades a pedido dedicadas ao Ensino B\u00e1sico e Secund\u00e1rio<br>Inscri\u00e7\u00f5es: educoast.fieldstation@gmail.com<\/p>\n\n\n\n<div class=\"wp-block-buttons alignwide is-content-justification-center is-layout-flex wp-container-core-buttons-is-layout-16018d1d wp-block-buttons-is-layout-flex\">\n<div class=\"wp-block-button has-custom-width wp-block-button__width-50 is-style-fill\"><a class=\"wp-block-button__link has-white-color has-text-color has-background has-text-align-center wp-element-button\" href=\"https:\/\/educoast.ipma.pt\/wp-content\/uploads\/oferta_pedagogica_version4_2023.pptx.pdf\" style=\"border-radius:18px;background-color:#067f7f\">Visualizar oferta pedag\u00f3gica<\/a><\/div>\n<\/div>\n\n\n\n<head>\n<style>\n.center-images-container {\n  text-align: center;\n}\n\n.animated-title {\n  font-size: 24px;\n  font-weight: bold;\n  margin-bottom: 20px;\n  opacity: 0;\n  transform: translateY(-20px);\n  animation: fadeInUp 1s forwards;\n}\n\n.center-images {\n  display: flex;\n  justify-content: center;\n  align-items: center;\n  flex-wrap: wrap;\n  opacity: 0;\n  transform: translateY(-20px);\n  animation: fadeInUp 1s forwards;\n}\n\n.center-images img {\n  margin: 5px; \/* Add spacing between images if desired *\/\n  transition: transform 0.3s ease-in-out;\n}\n\n.center-images img:hover {\n  transform: scale(1.1);\n}\n\n@keyframes fadeInUp {\n  to {\n    opacity: 1;\n    transform: translateY(0);\n  }\n}\n<\/style>\n<\/head>\n<body>\n\n<div class=\"center-images-container\">\n  <div class=\"animated-title\"><\/div>\n  <div class=\"center-images\">\n    <img loading=\"lazy\" decoding=\"async\" src=\"https:\/\/educoast.ipma.pt\/wp-content\/uploads\/10.jpg\" width=\"320\" height=\"80\"><img loading=\"lazy\" decoding=\"async\" src=\"https:\/\/educoast.ipma.pt\/wp-content\/uploads\/nova4.jpg\" width=\"320\" height=\"80\"><img loading=\"lazy\" decoding=\"async\" src=\"https:\/\/educoast.ipma.pt\/wp-content\/uploads\/IMG_2273-1.jpg\" width=\"320\" height=\"80\">  \n   \n  <\/div>\n<\/div>\n\n<\/body>\n<\/html>\n","protected":false},"excerpt":{"rendered":"<p>Pretendemos proporcionar aos alunos uma experi\u00eancia pr\u00f3xima do ambiente marinho e costeiro na regi\u00e3o da Ria Formosa, promovendo a compreens\u00e3o e sensibiliza\u00e7\u00e3o sobre a import\u00e2ncia deste tipo de ambientes. Assim sendo, a nossa oferta pedag\u00f3gica engloba diversas atividades, sendo que cada uma delas pode ser adaptada de acordo com a faixa et\u00e1ria do p\u00fablico e&hellip;<\/p>\n","protected":false},"author":6,"featured_media":0,"parent":0,"menu_order":0,"comment_status":"closed","ping_status":"closed","template":"","meta":{"_monsterinsights_skip_tracking":false,"_monsterinsights_sitenote_active":false,"_monsterinsights_sitenote_note":"","_monsterinsights_sitenote_category":0,"footnotes":""},"class_list":["post-1821","page","type-page","status-publish","hentry"],"translation":{"provider":"WPGlobus","version":"3.0.0","language":"en","enabled_languages":["pt","en"],"languages":{"pt":{"title":true,"content":true,"excerpt":false},"en":{"title":false,"content":false,"excerpt":false}}},"_links":{"self":[{"href":"https:\/\/educoast.ipma.pt\/en\/wp-json\/wp\/v2\/pages\/1821","targetHints":{"allow":["GET"]}}],"collection":[{"href":"https:\/\/educoast.ipma.pt\/en\/wp-json\/wp\/v2\/pages"}],"about":[{"href":"https:\/\/educoast.ipma.pt\/en\/wp-json\/wp\/v2\/types\/page"}],"author":[{"embeddable":true,"href":"https:\/\/educoast.ipma.pt\/en\/wp-json\/wp\/v2\/users\/6"}],"replies":[{"embeddable":true,"href":"https:\/\/educoast.ipma.pt\/en\/wp-json\/wp\/v2\/comments?post=1821"}],"version-history":[{"count":110,"href":"https:\/\/educoast.ipma.pt\/en\/wp-json\/wp\/v2\/pages\/1821\/revisions"}],"predecessor-version":[{"id":2043,"href":"https:\/\/educoast.ipma.pt\/en\/wp-json\/wp\/v2\/pages\/1821\/revisions\/2043"}],"wp:attachment":[{"href":"https:\/\/educoast.ipma.pt\/en\/wp-json\/wp\/v2\/media?parent=1821"}],"curies":[{"name":"wp","href":"https:\/\/api.w.org\/{rel}","templated":true}]}}