{"id":1609,"date":"2023-08-23T08:42:20","date_gmt":"2023-08-23T08:42:20","guid":{"rendered":"https:\/\/educoast.ipma.pt\/?page_id=1609"},"modified":"2023-08-24T15:10:16","modified_gmt":"2023-08-24T15:10:16","slug":"escola-de-verao","status":"publish","type":"page","link":"https:\/\/educoast.ipma.pt\/en\/escola-de-verao\/","title":{"rendered":"Escola de Ver\u00e3o"},"content":{"rendered":"\n<div>\n<style>\n.accordion {\n  background-color: #eee;\n  color: #444;\n  cursor: pointer;\n  padding: 18px;\n  width: 100%;\n  border: none;\n  text-align: left;\n  outline: none;\n  font-size: 15px;\n  transition: 0.4s;\n}\n\n.active, .accordion:hover {\n  background-color: #ccc; \n}\n\n.panel {\n  padding: 0 18px;\n  display: none;\n  background-color: white;\n  overflow: hidden;\n}\n\n.accordion2 {\n  background-color: #eee;\n  color: #444;\n  cursor: pointer;\n  padding: 18px;\n  width: 100%;\n  border: none;\n  text-align: left;\n  outline: none;\n  font-size: 15px;\n  transition: 0.4s;\n}\n\n.active, .accordion:hover {\n  background-color: #ccc; \n}\n\n.panel2 {\n  padding: 0 18px;\n  display: none;\n  background-color: white;\n  overflow: hidden;\n}\n<\/style>\n\n<button class=\"accordion\"><b>Cursos de Ver\u00e3o<\/b><\/button>\n\t\t\t<button class=\"accordion\">12-16 de setembro de 2022 &#8211; Curso de Ver\u00e3o Earthsystems<\/button>\n\t\t\t<div class=\"panel\">\n\t\t\t  <p>O Curso de Ver\u00e3o EARTHSYSTEMS 2022 dedicado ao tema \u201cLand-Atmosphere-Ocean interactions in a changing planet &#8211; a hands-on approach to Earth System observation and modelling\u201d.\nDurante uma semana, alunos e professores das \u00e1reas de Geologia, Meteorologia e Oceanografia, de universidades e centros de investiga\u00e7\u00e3o, nacionais e internacionais, juntaram-se em Tavira para atividades de forma\u00e7\u00e3o avan\u00e7ada, que inclu\u00edram trabalhos de campo e mar que beneficiaram do excelente enquadramento natural proporcionado pela Ria Formosa na zona adjacente \u00e0 Esta\u00e7\u00e3o IPMA de Tavira.<\/p>\n<p> <img decoding=\"async\" src=\"https:\/\/educoast.ipma.pt\/wp-content\/uploads\/sc1.jpg\"width=\"220\" height=\"278\"> <img decoding=\"async\" src=\"https:\/\/educoast.ipma.pt\/wp-content\/uploads\/IMG_0615-1.jpg\"width=\"220\" height=\"278\"> <img decoding=\"async\" src=\"https:\/\/educoast.ipma.pt\/wp-content\/uploads\/EARTHSYSTEMS2022-59-1.jpeg\"width=\"220\" height=\"245\"> <img decoding=\"async\" src=\"https:\/\/educoast.ipma.pt\/wp-content\/uploads\/sc2.jpg\"width=\"220\" height=\"290\"> <img decoding=\"async\" src=\"https:\/\/educoast.ipma.pt\/wp-content\/uploads\/sc4.jpg\"width=\"290\" height=\"480\">\n<\/div>\n\n\n\n<script>\nvar acc = document.getElementsByClassName(\"accordion\");\nvar i;\n\nfor (i = 0; i < acc.length; i++) {\n  acc[i].addEventListener(\"click\", function() {\n    this.classList.toggle(\"active\");\n    var panel = this.nextElementSibling;\n    if (panel.style.display === \"block\") {\n      panel.style.display = \"none\";\n    } else {\n      panel.style.display = \"block\";\n    }\n  });\n}\n\nvar acc = document.getElementsByClassName(\"accordion2\");\nvar i;\n\nfor (i = 0; i < acc.length; i++) {\n  acc[i].addEventListener(\"click\", function() {\n    this.classList.toggle(\"active\");\n    var panel = this.nextElementSibling;\n    if (panel.style.display === \"block\") {\n      panel.style.display = \"none\";\n    } else {\n      panel.style.display = \"block\";\n    }\n  });\n}\n<\/script>\n\n<\/div>\n","protected":false},"excerpt":{"rendered":"<p>Cursos de Ver\u00e3o 12-16 de setembro de 2022 &#8211; Curso de Ver\u00e3o Earthsystems O Curso de Ver\u00e3o EARTHSYSTEMS 2022 dedicado ao tema \u201cLand-Atmosphere-Ocean interactions in a changing planet &#8211; a hands-on approach to Earth System observation and modelling\u201d. Durante uma semana, alunos e professores das \u00e1reas de Geologia, Meteorologia e Oceanografia, de universidades e centros&hellip;<\/p>\n","protected":false},"author":6,"featured_media":0,"parent":0,"menu_order":0,"comment_status":"closed","ping_status":"closed","template":"","meta":{"_monsterinsights_skip_tracking":false,"_monsterinsights_sitenote_active":false,"_monsterinsights_sitenote_note":"","_monsterinsights_sitenote_category":0,"footnotes":""},"class_list":["post-1609","page","type-page","status-publish","hentry"],"translation":{"provider":"WPGlobus","version":"3.0.0","language":"en","enabled_languages":["pt","en"],"languages":{"pt":{"title":true,"content":true,"excerpt":false},"en":{"title":false,"content":false,"excerpt":false}}},"_links":{"self":[{"href":"https:\/\/educoast.ipma.pt\/en\/wp-json\/wp\/v2\/pages\/1609","targetHints":{"allow":["GET"]}}],"collection":[{"href":"https:\/\/educoast.ipma.pt\/en\/wp-json\/wp\/v2\/pages"}],"about":[{"href":"https:\/\/educoast.ipma.pt\/en\/wp-json\/wp\/v2\/types\/page"}],"author":[{"embeddable":true,"href":"https:\/\/educoast.ipma.pt\/en\/wp-json\/wp\/v2\/users\/6"}],"replies":[{"embeddable":true,"href":"https:\/\/educoast.ipma.pt\/en\/wp-json\/wp\/v2\/comments?post=1609"}],"version-history":[{"count":5,"href":"https:\/\/educoast.ipma.pt\/en\/wp-json\/wp\/v2\/pages\/1609\/revisions"}],"predecessor-version":[{"id":1810,"href":"https:\/\/educoast.ipma.pt\/en\/wp-json\/wp\/v2\/pages\/1609\/revisions\/1810"}],"wp:attachment":[{"href":"https:\/\/educoast.ipma.pt\/en\/wp-json\/wp\/v2\/media?parent=1609"}],"curies":[{"name":"wp","href":"https:\/\/api.w.org\/{rel}","templated":true}]}}