{"id":1607,"date":"2023-08-23T08:34:43","date_gmt":"2023-08-23T08:34:43","guid":{"rendered":"https:\/\/educoast.ipma.pt\/?page_id=1607"},"modified":"2023-08-24T15:01:39","modified_gmt":"2023-08-24T15:01:39","slug":"formacao-de-professores-5","status":"publish","type":"page","link":"https:\/\/educoast.ipma.pt\/en\/formacao-de-professores-5\/","title":{"rendered":"Forma\u00e7\u00e3o de Professores"},"content":{"rendered":"\n<div>\n<style>\n.accordion {\n  background-color: #eee;\n  color: #444;\n  cursor: pointer;\n  padding: 18px;\n  width: 100%;\n  border: none;\n  text-align: left;\n  outline: none;\n  font-size: 15px;\n  transition: 0.4s;\n}\n\n.active, .accordion:hover {\n  background-color: #ccc; \n}\n\n.panel {\n  padding: 0 18px;\n  display: none;\n  background-color: white;\n  overflow: hidden;\n}\n\n.accordion2 {\n  background-color: #eee;\n  color: #444;\n  cursor: pointer;\n  padding: 18px;\n  width: 100%;\n  border: none;\n  text-align: left;\n  outline: none;\n  font-size: 15px;\n  transition: 0.4s;\n}\n\n.active, .accordion:hover {\n  background-color: #ccc; \n}\n\n.panel2 {\n  padding: 0 18px;\n  display: none;\n  background-color: white;\n  overflow: hidden;\n}\n<\/style>\n\n<button class=\"accordion\"><b>Forma\u00e7\u00e3o de Professores<\/b><\/button>\n<button class=\"accordion\">14-17 de julho de 2023 &#8211; 3\u00aa Edi\u00e7\u00e3o do Curso &#8220;Zonas Costeiras: Um Mundo em Mudan\u00e7a&#8221;<\/button>\n\t\t\t<div class=\"panel\">\n\t\t\t  <p>Decorreu entre 14 e 17 de julho de 2023, a 3\u00aa edi\u00e7\u00e3o do Curso de Forma\u00e7\u00e3o de Professores \u201cZonas Costeiras: Um Mundo em Mudan\u00e7a\u201d. Esta a\u00e7\u00e3o de forma\u00e7\u00e3o de professores do ensino b\u00e1sico (3\u00ba ciclo) e secund\u00e1rio (grupos 420 e 520) est\u00e1 acreditado pelo Conselho Cient\u00edfico-Pedag\u00f3gico da Forma\u00e7\u00e3o Cont\u00ednua e decorreu na Esta\u00e7\u00e3o de Tavira do Instituto Portugu\u00eas do Mar e da Atmosfera (IPMA).\nO Curso contou com a presen\u00e7a de 20 formandos de v\u00e1rios agrupamentos do Algarve e da Grande Lisboa e de formadores da Faculdade de Ci\u00eancias da Universidade de Lisboa (4) e do IPMA (2). A forma\u00e7\u00e3o incluiu uma apresenta\u00e7\u00e3o inicial sobre a evolu\u00e7\u00e3o recente do litoral portugu\u00eas, seguido de trabalho de campo sobre a observa\u00e7\u00e3o e caracteriza\u00e7\u00e3o das zonas de sapal e praia, a que se seguiu tratamento laboratorial das amostras colhidas e processamento dos resultados. Terminou com uma apresenta\u00e7\u00e3o sobre o \u201cLitoral do futuro \u2013 Impactes das altera\u00e7\u00f5es clim\u00e1ticas e medidas de adapta\u00e7\u00e3o\u201d.<\/p>\n<p> <img decoding=\"async\" src=\"https:\/\/educoast.ipma.pt\/wp-content\/uploads\/IMG-20230715-WA0002.jpg\"width=\"230\" height=\"200\"> <img decoding=\"async\" src=\"https:\/\/educoast.ipma.pt\/wp-content\/uploads\/70.jpg\"width=\"255\" height=\"200\">  <img decoding=\"async\" src=\"https:\/\/educoast.ipma.pt\/wp-content\/uploads\/71.jpg\"width=\"230\" height=\"200\"> <img decoding=\"async\" src=\"https:\/\/educoast.ipma.pt\/wp-content\/uploads\/73.jpg\"width=\"230\" height=\"200\">  <img decoding=\"async\" src=\"https:\/\/educoast.ipma.pt\/wp-content\/uploads\/72.jpg\"width=\"230\" height=\"200\"> <\/p>\n\t\t\t<\/div>\n\n\t\t\t<button class=\"accordion\">12-16 de abril de 2023 &#8211; 2\u00aa Edi\u00e7\u00e3o do Curso &#8220;Zonas Costeiras: Um Mundo em Mudan\u00e7a&#8221;<\/button>\n\t\t\t<div class=\"panel\">\n\t\t\t  <p>Decorreu entre 12 e 16 de abril de 2023, a 2\u00aa edi\u00e7\u00e3o do Curso de Forma\u00e7\u00e3o de Professores \u201cZonas Costeiras: Um Mundo em Mudan\u00e7a\u201d. Esta a\u00e7\u00e3o de forma\u00e7\u00e3o de professores do ensino b\u00e1sico (3\u00ba ciclo) e secund\u00e1rio (grupos 420 e 520) est\u00e1 acreditado pelo Conselho Cient\u00edfico-Pedag\u00f3gico da Forma\u00e7\u00e3o Cont\u00ednua e decorreu na Esta\u00e7\u00e3o de Tavira do Instituto Portugu\u00eas do Mar e da Atmosfera (IPMA).\nO Curso contou com a presen\u00e7a de 15 formandos de v\u00e1rios agrupamentos do Algarve e da Grande Lisboa e de formadores da Faculdade de Ci\u00eancias da Universidade de Lisboa (4) e do IPMA (2). A forma\u00e7\u00e3o incluiu uma apresenta\u00e7\u00e3o inicial sobre a evolu\u00e7\u00e3o recente do litoral portugu\u00eas, seguido de trabalho de campo sobre a observa\u00e7\u00e3o e caracteriza\u00e7\u00e3o das zonas de sapal e praia, a que se seguiu tratamento laboratorial das amostras colhidas e processamento dos resultados. Terminou com uma apresenta\u00e7\u00e3o sobre o \u201cLitoral do futuro \u2013 Impactes das altera\u00e7\u00f5es clim\u00e1ticas e medidas de adapta\u00e7\u00e3o\u201d.<\/p>\n<p>  <img decoding=\"async\" src=\"https:\/\/educoast.ipma.pt\/wp-content\/uploads\/70.jpg\"width=\"258\" height=\"200\"> <img decoding=\"async\" src=\"https:\/\/educoast.ipma.pt\/wp-content\/uploads\/IMG-20230413-WA0033.jpg\"width=\"230\" height=\"200\">  <img decoding=\"async\" src=\"https:\/\/educoast.ipma.pt\/wp-content\/uploads\/71.jpg\"width=\"230\" height=\"200\"> <img decoding=\"async\" src=\"https:\/\/educoast.ipma.pt\/wp-content\/uploads\/73.jpg\"width=\"230\" height=\"200\">  <img decoding=\"async\" src=\"https:\/\/educoast.ipma.pt\/wp-content\/uploads\/72.jpg\"width=\"230\" height=\"200\"> <\/p>\n\t\t\t<\/div>\n<button class=\"accordion\">13-16 de julho de 2022 &#8211; 1\u00aa Edi\u00e7\u00e3o do Curso &#8220;Zonas Costeiras: Um Mundo em Mudan\u00e7a&#8221;<\/button>\n\t\t\t<div class=\"panel\">\n\t\t\t  <p>Decorreu entre 13 e 16 de julho de 2022, a 1\u00aa edi\u00e7\u00e3o do Curso de Forma\u00e7\u00e3o de Professores \u201cZonas Costeiras: Um Mundo em Mudan\u00e7a\u201d. Esta a\u00e7\u00e3o de forma\u00e7\u00e3o de professores do ensino b\u00e1sico (3\u00ba ciclo) e secund\u00e1rio (grupos 420 e 520) est\u00e1 acreditado pelo Conselho Cient\u00edfico-Pedag\u00f3gico da Forma\u00e7\u00e3o Cont\u00ednua e decorreu na Esta\u00e7\u00e3o de Tavira do Instituto Portugu\u00eas do Mar e da Atmosfera (IPMA). O Curso contou com a presen\u00e7a de 17 formandos, que participaram em atividades de campo e laborat\u00f3rio para proceder \u00e0 caracteriza\u00e7\u00e3o morfol\u00f3gica e sedimentar do sistema sapal\/ilhas barreira da zona costeira adjacente \u00e0 EEMT, localizada na Ria Formosa. Esta forma\u00e7\u00e3o teve tamb\u00e9m uma introdu\u00e7\u00e3o ao litoral passado e futuro.<\/p>\n<p>  <img decoding=\"async\" src=\"https:\/\/educoast.ipma.pt\/wp-content\/uploads\/74.jpg\"width=\"128\" height=\"280\"> <img decoding=\"async\" src=\"https:\/\/educoast.ipma.pt\/wp-content\/uploads\/IMG_3992-1-1.jpg\"width=\"228\" height=\"360\"> <img decoding=\"async\" src=\"https:\/\/educoast.ipma.pt\/wp-content\/uploads\/IMG_1647-1.jpg\"width=\"228\" height=\"360\"> <img decoding=\"async\" src=\"https:\/\/educoast.ipma.pt\/wp-content\/uploads\/75.jpg\"width=\"212\" height=\"195\"> <img decoding=\"async\" src=\"https:\/\/educoast.ipma.pt\/wp-content\/uploads\/77.jpg\"width=\"380\" height=\"495\">\n\t\t\t<\/div>\n\n<script>\nvar acc = document.getElementsByClassName(\"accordion\");\nvar i;\n\nfor (i = 0; i < acc.length; i++) {\n  acc[i].addEventListener(\"click\", function() {\n    this.classList.toggle(\"active\");\n    var panel = this.nextElementSibling;\n    if (panel.style.display === \"block\") {\n      panel.style.display = \"none\";\n    } else {\n      panel.style.display = \"block\";\n    }\n  });\n}\n\nvar acc = document.getElementsByClassName(\"accordion2\");\nvar i;\n\nfor (i = 0; i < acc.length; i++) {\n  acc[i].addEventListener(\"click\", function() {\n    this.classList.toggle(\"active\");\n    var panel = this.nextElementSibling;\n    if (panel.style.display === \"block\") {\n      panel.style.display = \"none\";\n    } else {\n      panel.style.display = \"block\";\n    }\n  });\n}\n<\/script>\n\n<\/div>\n","protected":false},"excerpt":{"rendered":"<p>Forma\u00e7\u00e3o de Professores 14-17 de julho de 2023 &#8211; 3\u00aa Edi\u00e7\u00e3o do Curso &#8220;Zonas Costeiras: Um Mundo em Mudan\u00e7a&#8221; Decorreu entre 14 e 17 de julho de 2023, a 3\u00aa edi\u00e7\u00e3o do Curso de Forma\u00e7\u00e3o de Professores \u201cZonas Costeiras: Um Mundo em Mudan\u00e7a\u201d. Esta a\u00e7\u00e3o de forma\u00e7\u00e3o de professores do ensino b\u00e1sico (3\u00ba ciclo) e&hellip;<\/p>\n","protected":false},"author":6,"featured_media":0,"parent":0,"menu_order":0,"comment_status":"closed","ping_status":"closed","template":"","meta":{"_monsterinsights_skip_tracking":false,"_monsterinsights_sitenote_active":false,"_monsterinsights_sitenote_note":"","_monsterinsights_sitenote_category":0,"footnotes":""},"class_list":["post-1607","page","type-page","status-publish","hentry"],"translation":{"provider":"WPGlobus","version":"3.0.0","language":"en","enabled_languages":["pt","en"],"languages":{"pt":{"title":true,"content":true,"excerpt":false},"en":{"title":false,"content":false,"excerpt":false}}},"_links":{"self":[{"href":"https:\/\/educoast.ipma.pt\/en\/wp-json\/wp\/v2\/pages\/1607","targetHints":{"allow":["GET"]}}],"collection":[{"href":"https:\/\/educoast.ipma.pt\/en\/wp-json\/wp\/v2\/pages"}],"about":[{"href":"https:\/\/educoast.ipma.pt\/en\/wp-json\/wp\/v2\/types\/page"}],"author":[{"embeddable":true,"href":"https:\/\/educoast.ipma.pt\/en\/wp-json\/wp\/v2\/users\/6"}],"replies":[{"embeddable":true,"href":"https:\/\/educoast.ipma.pt\/en\/wp-json\/wp\/v2\/comments?post=1607"}],"version-history":[{"count":19,"href":"https:\/\/educoast.ipma.pt\/en\/wp-json\/wp\/v2\/pages\/1607\/revisions"}],"predecessor-version":[{"id":1802,"href":"https:\/\/educoast.ipma.pt\/en\/wp-json\/wp\/v2\/pages\/1607\/revisions\/1802"}],"wp:attachment":[{"href":"https:\/\/educoast.ipma.pt\/en\/wp-json\/wp\/v2\/media?parent=1607"}],"curies":[{"name":"wp","href":"https:\/\/api.w.org\/{rel}","templated":true}]}}